{"id":139,"date":"2018-10-30T14:14:12","date_gmt":"2018-10-30T14:14:12","guid":{"rendered":"http:\/\/rotacargas.com.br\/?page_id=139"},"modified":"2020-01-14T18:03:36","modified_gmt":"2020-01-14T18:03:36","slug":"fazer-uma-cotacao","status":"publish","type":"page","link":"https:\/\/rotacargas.com.br\/index.php\/fazer-uma-cotacao\/","title":{"rendered":"Fazer uma Cota\u00e7\u00e3o"},"content":{"rendered":"<p>[et_pb_section fb_built=&#8221;1&#8243; _builder_version=&#8221;3.11&#8243; custom_padding=&#8221;0|0px|0|0px|false|false&#8221;][et_pb_row custom_padding=&#8221;27px|0px|0|0px|false|false&#8221; _builder_version=&#8221;3.11&#8243;][et_pb_column type=&#8221;4_4&#8243; _builder_version=&#8221;3.11&#8243; parallax=&#8221;off&#8221; parallax_method=&#8221;on&#8221;][et_pb_divider show_divider=&#8221;off&#8221; _builder_version=&#8221;3.11&#8243;][\/et_pb_divider][\/et_pb_column][\/et_pb_row][\/et_pb_section][et_pb_section fb_built=&#8221;1&#8243; _builder_version=&#8221;3.11&#8243; background_color=&#8221;#2755a4&#8243; background_image=&#8221;http:\/\/rotacargas.com.br\/wp-content\/uploads\/2018\/10\/cotacao-home-1.jpg&#8221; custom_padding=&#8221;120px||107px||false|false&#8221; mix_blend_mode=&#8221;soft-light&#8221; animation_style=&#8221;fade&#8221;][et_pb_row custom_padding=&#8221;27px|0px|0|0px|false|false&#8221; _builder_version=&#8221;3.11&#8243;][et_pb_column type=&#8221;4_4&#8243; _builder_version=&#8221;3.11&#8243; parallax=&#8221;off&#8221; parallax_method=&#8221;on&#8221;][et_pb_post_title meta=&#8221;off&#8221; featured_image=&#8221;off&#8221; text_color=&#8221;light&#8221; _builder_version=&#8221;3.11&#8243; title_font=&#8221;|800||on|||||&#8221; title_font_size=&#8221;36px&#8221; background_color=&#8221;#2755a&#8221;][\/et_pb_post_title][\/et_pb_column][\/et_pb_row][\/et_pb_section][et_pb_section fb_built=&#8221;1&#8243; _builder_version=&#8221;3.11&#8243;][et_pb_row _builder_version=&#8221;3.11&#8243;][et_pb_column type=&#8221;4_4&#8243; _builder_version=&#8221;3.11&#8243; parallax=&#8221;off&#8221; parallax_method=&#8221;on&#8221;][et_pb_contact_form captcha=&#8221;off&#8221; submit_button_text=&#8221;Enviar&#8221; module_id=&#8221;et_pb_contact_form_0&#8243; _builder_version=&#8221;3.11&#8243;][et_pb_contact_field field_id=&#8221;Nome_da_Empresa&#8221; field_title=&#8221;Nome da Empresa&#8221; _builder_version=&#8221;3.11&#8243; border_radii=&#8221;on||||&#8221;][\/et_pb_contact_field][et_pb_contact_field field_id=&#8221;Nome_Pessoa_de_Contato&#8221; field_title=&#8221;Nome Pessoa de Contato&#8221; field_type=&#8221;email&#8221; _builder_version=&#8221;3.11&#8243; border_radii=&#8221;on||||&#8221;][\/et_pb_contact_field][et_pb_contact_field field_id=&#8221;Telefone&#8221; field_title=&#8221;Telefone&#8221; field_type=&#8221;email&#8221; _builder_version=&#8221;3.11&#8243; border_radii=&#8221;on||||&#8221;][\/et_pb_contact_field][et_pb_contact_field field_id=&#8221;Email&#8221; field_title=&#8221;Email&#8221; field_type=&#8221;email&#8221; _builder_version=&#8221;3.11&#8243; border_radii=&#8221;on||||&#8221;][\/et_pb_contact_field][et_pb_contact_field field_id=&#8221;Natureza_da_Mercadoria&#8221; field_title=&#8221;Natureza da Mercadoria&#8221; field_type=&#8221;email&#8221; _builder_version=&#8221;3.11&#8243; border_radii=&#8221;on||||&#8221;][\/et_pb_contact_field][et_pb_contact_field field_id=&#8221;Valor_da_Mercadoria&#8221; field_title=&#8221;Valor da Mercadoria&#8221; field_type=&#8221;email&#8221; _builder_version=&#8221;3.11&#8243; border_radii=&#8221;on||||&#8221;][\/et_pb_contact_field][et_pb_contact_field field_id=&#8221;Peso_(kg)&#8221; field_title=&#8221;Peso (kg)&#8221; field_type=&#8221;email&#8221; _builder_version=&#8221;3.11&#8243; border_radii=&#8221;on||||&#8221;][\/et_pb_contact_field][et_pb_contact_field field_id=&#8221;Quantidade_de_Volumes&#8221; field_title=&#8221;Quantidade de Volumes&#8221; field_type=&#8221;email&#8221; _builder_version=&#8221;3.11&#8243; border_radii=&#8221;on||||&#8221;][\/et_pb_contact_field][et_pb_contact_field field_id=&#8221;Local_de_Coleta&#8221; field_title=&#8221;Local de Coleta&#8221; field_type=&#8221;email&#8221; _builder_version=&#8221;3.11&#8243; border_radii=&#8221;on||||&#8221;][\/et_pb_contact_field][et_pb_contact_field field_id=&#8221;Local_de_Entrega&#8221; field_title=&#8221;Local de Entrega&#8221; field_type=&#8221;email&#8221; _builder_version=&#8221;3.11&#8243; border_radii=&#8221;on||||&#8221;][\/et_pb_contact_field][et_pb_contact_field field_id=&#8221;Dimens\u00f5es_da_Carga&#8221; field_title=&#8221;Dimens\u00f5es da Carga&#8221; field_type=&#8221;text&#8221; fullwidth_field=&#8221;on&#8221; _builder_version=&#8221;3.11&#8243; border_radii=&#8221;on||||&#8221;][\/et_pb_contact_field][et_pb_contact_field field_id=&#8221;Observa\u00e7\u00f5es&#8221; field_title=&#8221;Observa\u00e7\u00f5es&#8221; field_type=&#8221;text&#8221; fullwidth_field=&#8221;on&#8221; _builder_version=&#8221;3.11&#8243; border_radii=&#8221;on||||&#8221;][\/et_pb_contact_field][et_pb_contact_field field_id=&#8221;check&#8221; field_title=&#8221;Escolha&#8221; field_type=&#8221;checkbox&#8221; checkbox_options=&#8221;%91{%22value%22:%22CIF%22,%22checked%22:0,%22dragID%22:-1},{%22value%22:%22FOB%22,%22checked%22:0,%22dragID%22:0}%93&#8243; fullwidth_field=&#8221;on&#8221; _builder_version=&#8221;3.11&#8243;][\/et_pb_contact_field][\/et_pb_contact_form][\/et_pb_column][\/et_pb_row][\/et_pb_section][et_pb_section fb_built=&#8221;1&#8243; _builder_version=&#8221;3.11&#8243; background_color=&#8221;#efefef&#8221; custom_padding=&#8221;61px|0px|40px|0px|false|false&#8221;][et_pb_row custom_padding=&#8221;26px||0||false|false&#8221; _builder_version=&#8221;3.11&#8243; module_alignment=&#8221;center&#8221;][et_pb_column type=&#8221;1_2&#8243; _builder_version=&#8221;3.11&#8243; parallax=&#8221;off&#8221; parallax_method=&#8221;on&#8221;][et_pb_blurb title=&#8221;Belo Horizonte &#8211; MG&#8221; image=&#8221;http:\/\/rotacargas.com.br\/wp-content\/uploads\/2018\/10\/placeholder.png&#8221; icon_placement=&#8221;left&#8221; _builder_version=&#8221;3.11&#8243; header_font=&#8221;|700||on|||||&#8221; header_text_align=&#8221;left&#8221; header_text_color=&#8221;#040e29&#8243; body_font=&#8221;||||||||&#8221; body_text_align=&#8221;left&#8221; body_text_color=&#8221;#040e29&#8243; body_font_size=&#8221;18px&#8221; body_line_height=&#8221;1.4em&#8221; text_orientation=&#8221;center&#8221;]<\/p>\n<p>Rua Sigma, 39<br \/>Cai\u00e7aras &#8211; Belo Horizonte<br \/> CEP 30775-410 &#8211; MG<\/p>\n<p>&nbsp;<\/p>\n<p>[\/et_pb_blurb][\/et_pb_column][et_pb_column type=&#8221;1_2&#8243; _builder_version=&#8221;3.11&#8243; parallax=&#8221;off&#8221; parallax_method=&#8221;on&#8221;][et_pb_blurb title=&#8221;ATENDIMENTO &#8221; image=&#8221;http:\/\/rotacargas.com.br\/wp-content\/uploads\/2018\/10\/call-answer.png&#8221; icon_placement=&#8221;left&#8221; _builder_version=&#8221;3.11&#8243; header_font=&#8221;|600||on|||||&#8221; header_text_align=&#8221;left&#8221; header_text_color=&#8221;#040e29&#8243; body_font=&#8221;|700|||||||&#8221; body_text_align=&#8221;left&#8221; body_text_color=&#8221;#040e29&#8243; body_font_size=&#8221;36px&#8221; body_line_height=&#8221;1.4em&#8221;]<\/p>\n<p data-fontsize=\"26\" data-lineheight=\"37\" data-inline-fontsize=\"true\" data-inline-lineheight=\"true\">31 2567-5547<\/p>\n<p>[\/et_pb_blurb][\/et_pb_column][\/et_pb_row][\/et_pb_section][et_pb_section fb_built=&#8221;1&#8243; inner_shadow=&#8221;on&#8221; _builder_version=&#8221;3.11&#8243; background_color=&#8221;#2755a4&#8243; background_image=&#8221;http:\/\/rotacargas.com.br\/wp-content\/uploads\/2018\/10\/topo.jpg&#8221; background_blend=&#8221;overlay&#8221; custom_padding=&#8221;90px|0px|90px|0px|false|false&#8221;][et_pb_row _builder_version=&#8221;3.11&#8243;][et_pb_column type=&#8221;4_4&#8243; _builder_version=&#8221;3.11&#8243; parallax=&#8221;off&#8221; parallax_method=&#8221;on&#8221;][et_pb_text _builder_version=&#8221;3.11&#8243; text_font=&#8221;|600||on|||||&#8221; text_text_color=&#8221;#ffffff&#8221; text_font_size=&#8221;44px&#8221; text_line_height=&#8221;1.1em&#8221; header_font=&#8221;||||||||&#8221; header_2_font=&#8221;||||||||&#8221; text_orientation=&#8221;center&#8221;]<\/p>\n<p>RESPONSABILIDADE, EFICI\u00caNCIA E QUALIDADE EM TRANSPORTE RODOVI\u00c1RIO AO MELHOR CUSTO DO MERCADO<\/p>\n<p>[\/et_pb_text][\/et_pb_column][\/et_pb_row][\/et_pb_section]<\/p>\n","protected":false},"excerpt":{"rendered":"<p>[et_pb_section fb_built=&#8221;1&#8243; _builder_version=&#8221;3.11&#8243; custom_padding=&#8221;0|0px|0|0px|false|false&#8221;][et_pb_row custom_padding=&#8221;27px|0px|0|0px|false|false&#8221; _builder_version=&#8221;3.11&#8243;][et_pb_column type=&#8221;4_4&#8243; _builder_version=&#8221;3.11&#8243; parallax=&#8221;off&#8221; parallax_method=&#8221;on&#8221;][et_pb_divider show_divider=&#8221;off&#8221; _builder_version=&#8221;3.11&#8243;][\/et_pb_divider][\/et_pb_column][\/et_pb_row][\/et_pb_section][et_pb_section fb_built=&#8221;1&#8243; _builder_version=&#8221;3.11&#8243; background_color=&#8221;#2755a4&#8243; background_image=&#8221;http:\/\/rotacargas.com.br\/wp-content\/uploads\/2018\/10\/cotacao-home-1.jpg&#8221; custom_padding=&#8221;120px||107px||false|false&#8221; mix_blend_mode=&#8221;soft-light&#8221; animation_style=&#8221;fade&#8221;][et_pb_row custom_padding=&#8221;27px|0px|0|0px|false|false&#8221; _builder_version=&#8221;3.11&#8243;][et_pb_column type=&#8221;4_4&#8243; _builder_version=&#8221;3.11&#8243; parallax=&#8221;off&#8221; parallax_method=&#8221;on&#8221;][et_pb_post_title meta=&#8221;off&#8221; featured_image=&#8221;off&#8221; text_color=&#8221;light&#8221; _builder_version=&#8221;3.11&#8243; title_font=&#8221;|800||on|||||&#8221; title_font_size=&#8221;36px&#8221; background_color=&#8221;#2755a&#8221;][\/et_pb_post_title][\/et_pb_column][\/et_pb_row][\/et_pb_section][et_pb_section fb_built=&#8221;1&#8243; _builder_version=&#8221;3.11&#8243;][et_pb_row _builder_version=&#8221;3.11&#8243;][et_pb_column type=&#8221;4_4&#8243; _builder_version=&#8221;3.11&#8243; parallax=&#8221;off&#8221; parallax_method=&#8221;on&#8221;][et_pb_contact_form captcha=&#8221;off&#8221; submit_button_text=&#8221;Enviar&#8221; module_id=&#8221;et_pb_contact_form_0&#8243; _builder_version=&#8221;3.11&#8243;][et_pb_contact_field field_id=&#8221;Nome_da_Empresa&#8221; field_title=&#8221;Nome da Empresa&#8221; _builder_version=&#8221;3.11&#8243; border_radii=&#8221;on||||&#8221;][\/et_pb_contact_field][et_pb_contact_field field_id=&#8221;Nome_Pessoa_de_Contato&#8221; field_title=&#8221;Nome Pessoa de Contato&#8221; field_type=&#8221;email&#8221; [&hellip;]<\/p>\n","protected":false},"author":1,"featured_media":0,"parent":0,"menu_order":0,"comment_status":"closed","ping_status":"closed","template":"","meta":{"footnotes":""},"class_list":["post-139","page","type-page","status-publish","hentry"],"_links":{"self":[{"href":"https:\/\/rotacargas.com.br\/index.php\/wp-json\/wp\/v2\/pages\/139","targetHints":{"allow":["GET"]}}],"collection":[{"href":"https:\/\/rotacargas.com.br\/index.php\/wp-json\/wp\/v2\/pages"}],"about":[{"href":"https:\/\/rotacargas.com.br\/index.php\/wp-json\/wp\/v2\/types\/page"}],"author":[{"embeddable":true,"href":"https:\/\/rotacargas.com.br\/index.php\/wp-json\/wp\/v2\/users\/1"}],"replies":[{"embeddable":true,"href":"https:\/\/rotacargas.com.br\/index.php\/wp-json\/wp\/v2\/comments?post=139"}],"version-history":[{"count":9,"href":"https:\/\/rotacargas.com.br\/index.php\/wp-json\/wp\/v2\/pages\/139\/revisions"}],"predecessor-version":[{"id":374,"href":"https:\/\/rotacargas.com.br\/index.php\/wp-json\/wp\/v2\/pages\/139\/revisions\/374"}],"wp:attachment":[{"href":"https:\/\/rotacargas.com.br\/index.php\/wp-json\/wp\/v2\/media?parent=139"}],"curies":[{"name":"wp","href":"https:\/\/api.w.org\/{rel}","templated":true}]}}