{"id":31,"date":"2018-10-29T21:59:52","date_gmt":"2018-10-29T21:59:52","guid":{"rendered":"http:\/\/rotacargas.com.br\/?page_id=31"},"modified":"2020-07-16T23:00:46","modified_gmt":"2020-07-16T23:00:46","slug":"servicos","status":"publish","type":"page","link":"https:\/\/rotacargas.com.br\/index.php\/servicos\/","title":{"rendered":"Servi\u00e7os"},"content":{"rendered":"<p>[et_pb_section fb_built=&#8221;1&#8243; _builder_version=&#8221;3.11&#8243; background_color=&#8221;#2755a4&#8243; background_image=&#8221;http:\/\/rotacargas.com.br\/wp-content\/uploads\/2018\/10\/topo2.jpg&#8221; background_blend=&#8221;multiply&#8221; custom_padding=&#8221;||||false|false&#8221; mix_blend_mode=&#8221;soft-light&#8221; animation_style=&#8221;fade&#8221;][et_pb_row custom_padding=&#8221;27px|0px|0|0px|false|false&#8221; _builder_version=&#8221;3.11&#8243;][et_pb_column type=&#8221;4_4&#8243; _builder_version=&#8221;3.11&#8243; parallax=&#8221;off&#8221; parallax_method=&#8221;on&#8221;][et_pb_post_title meta=&#8221;off&#8221; featured_image=&#8221;off&#8221; text_color=&#8221;light&#8221; _builder_version=&#8221;3.11&#8243; title_font=&#8221;|800||on|||||&#8221; title_font_size=&#8221;36px&#8221; background_color=&#8221;#2755a&#8221;][\/et_pb_post_title][\/et_pb_column][\/et_pb_row][\/et_pb_section][et_pb_section fb_built=&#8221;1&#8243; _builder_version=&#8221;3.11&#8243; custom_padding=&#8221;54px|0px|19px|0px|false|false&#8221;][et_pb_row _builder_version=&#8221;3.11&#8243;][et_pb_column type=&#8221;4_4&#8243; _builder_version=&#8221;3.11&#8243; parallax=&#8221;off&#8221; parallax_method=&#8221;on&#8221;][et_pb_text _builder_version=&#8221;3.11&#8243; header_font=&#8221;|800|||||||&#8221; header_text_align=&#8221;center&#8221; header_font_size=&#8221;36px&#8221;]<\/p>\n<h1 data-fontsize=\"26\" data-lineheight=\"26\">O QUE N\u00d3S OFERECEMOS<\/h1>\n<p>[\/et_pb_text][et_pb_text _builder_version=&#8221;3.11&#8243; text_font=&#8221;||||||||&#8221; text_font_size=&#8221;18px&#8221; text_line_height=&#8221;1.6em&#8221;]<\/p>\n<p>Executivos de transporte com pleno dom\u00ednio t\u00e9cnico e de rotas conhecem os benef\u00edcios de um planejamento estrat\u00e9gico bem elaborado e da execu\u00e7\u00e3o perfeita dos servi\u00e7os priorizando seguran\u00e7a e resultados.<\/p>\n<p>Projetos sob medida garantindo maior qualidade a menor custo.<\/p>\n<ul><\/ul>\n<p>[\/et_pb_text][et_pb_text _builder_version=&#8221;3.11&#8243; text_font=&#8221;||||||||&#8221; text_font_size=&#8221;18px&#8221; text_line_height=&#8221;1.5em&#8221; header_font=&#8221;||||||||&#8221;]<\/p>\n<p><strong>NACIONAIS:<\/strong><br \/> &#8211; Transporte de carga geral<br \/> &#8211; Road survey \/ Transportes especiais e pesados<br \/> &#8211; Escolta e ve\u00edculos de apoio<br \/> &#8211; Movimenta\u00e7\u00e3o de carga<br \/> &#8211; Projetos log\u00edsticos \/ armazenagem<br \/> &#8211; Contratos dedicados personalizados.<\/p>\n<p><strong>INTERNACIONAIS:<\/strong><br \/> &#8211; Transporte multimodal<br \/> &#8211; Armazenagem<br \/> &#8211; Projetos log\u00edsticos personalizados<\/p>\n<p>&nbsp;<\/p>\n<p><strong>RASTREAMENTO DE CARGAS ONLINE<\/strong><\/p>\n<p>[\/et_pb_text][\/et_pb_column][\/et_pb_row][\/et_pb_section][et_pb_section fb_built=&#8221;1&#8243; _builder_version=&#8221;3.11&#8243; background_image=&#8221;http:\/\/rotacargas.com.br\/wp-content\/uploads\/2018\/10\/cotacao-home-1.jpg&#8221; background_blend=&#8221;multiply&#8221; custom_padding=&#8221;90px|0px|90px|0px|false|false&#8221;][et_pb_row _builder_version=&#8221;3.11&#8243;][et_pb_column type=&#8221;1_2&#8243; _builder_version=&#8221;3.11&#8243; parallax=&#8221;off&#8221; parallax_method=&#8221;on&#8221;][et_pb_text _builder_version=&#8221;3.11&#8243; text_font=&#8221;|800|||||||&#8221; text_text_color=&#8221;#ffffff&#8221; header_font=&#8221;|700||on|||||&#8221; header_text_color=&#8221;#efefef&#8221; custom_margin=&#8221;0px||0px|&#8221; custom_padding=&#8221;0px||0px|&#8221;]<\/p>\n<h1 data-fontsize=\"37\" data-lineheight=\"37\"><span>Solicite uma cota\u00e7\u00e3o<\/span><\/h1>\n<p>[\/et_pb_text][et_pb_divider color=&#8221;#f2c921&#8243; divider_weight=&#8221;3px&#8221; _builder_version=&#8221;3.11&#8243; custom_margin=&#8221;||0px|&#8221;][\/et_pb_divider][et_pb_text _builder_version=&#8221;3.11&#8243; text_font=&#8221;||||||||&#8221; text_text_color=&#8221;#ffffff&#8221; text_font_size=&#8221;21px&#8221; text_line_height=&#8221;1.3em&#8221; custom_margin=&#8221;0px||0px|&#8221; custom_padding=&#8221;0px||0px|&#8221;]<\/p>\n<p data-fontsize=\"20\" data-lineheight=\"24\"><span>Preencha todos os dados solicitados e nossos operadores receber\u00e3o em segundos a sua cota\u00e7\u00e3o e responder\u00e3o o mais breve poss\u00edvel.<\/span><\/p>\n<p>[\/et_pb_text][\/et_pb_column][et_pb_column type=&#8221;1_2&#8243; _builder_version=&#8221;3.11&#8243; parallax=&#8221;off&#8221; parallax_method=&#8221;on&#8221;][et_pb_button button_text=&#8221;Solicitar Cota\u00e7\u00e3o&#8221; button_alignment=&#8221;center&#8221; _builder_version=&#8221;3.11&#8243; custom_button=&#8221;on&#8221; button_text_size=&#8221;26px&#8221; button_bg_color=&#8221;#f2c921&#8243; button_border_width=&#8221;0px&#8221; button_font=&#8221;||||||||&#8221; custom_margin=&#8221;46px|||&#8221;][\/et_pb_button][\/et_pb_column][\/et_pb_row][\/et_pb_section][et_pb_section fb_built=&#8221;1&#8243; _builder_version=&#8221;3.11&#8243; background_color=&#8221;#efefef&#8221; custom_padding=&#8221;61px|0px|40px|0px|false|false&#8221;][et_pb_row custom_padding=&#8221;26px||0||false|false&#8221; _builder_version=&#8221;3.11&#8243; module_alignment=&#8221;center&#8221;][et_pb_column type=&#8221;1_2&#8243; _builder_version=&#8221;3.11&#8243; parallax=&#8221;off&#8221; parallax_method=&#8221;on&#8221;][et_pb_blurb title=&#8221;Belo Horizonte &#8211; MG&#8221; image=&#8221;http:\/\/rotacargas.com.br\/wp-content\/uploads\/2018\/10\/placeholder.png&#8221; icon_placement=&#8221;left&#8221; _builder_version=&#8221;3.11&#8243; header_font=&#8221;|700||on|||||&#8221; header_text_align=&#8221;left&#8221; header_text_color=&#8221;#040e29&#8243; body_font=&#8221;||||||||&#8221; body_text_align=&#8221;left&#8221; body_text_color=&#8221;#040e29&#8243; body_font_size=&#8221;18px&#8221; body_line_height=&#8221;1.4em&#8221; text_orientation=&#8221;center&#8221;]<\/p>\n<p>Rua Sigma, 39<br \/>Cai\u00e7aras &#8211; Belo Horizonte<br \/> CEP 30775-410 &#8211; MG<\/p>\n<p>&nbsp;<\/p>\n<p>[\/et_pb_blurb][\/et_pb_column][et_pb_column type=&#8221;1_2&#8243; _builder_version=&#8221;3.11&#8243; parallax=&#8221;off&#8221; parallax_method=&#8221;on&#8221;][et_pb_blurb title=&#8221;ATENDIMENTO &#8221; image=&#8221;http:\/\/rotacargas.com.br\/wp-content\/uploads\/2018\/10\/call-answer.png&#8221; icon_placement=&#8221;left&#8221; _builder_version=&#8221;3.11&#8243; header_font=&#8221;|600||on|||||&#8221; header_text_align=&#8221;left&#8221; header_text_color=&#8221;#040e29&#8243; body_font=&#8221;|700|||||||&#8221; body_text_align=&#8221;left&#8221; body_text_color=&#8221;#040e29&#8243; body_font_size=&#8221;36px&#8221; body_line_height=&#8221;1.4em&#8221;]<\/p>\n<p data-fontsize=\"26\" data-lineheight=\"37\" data-inline-fontsize=\"true\" data-inline-lineheight=\"true\">31 2567-5547<\/p>\n<p>[\/et_pb_blurb][\/et_pb_column][\/et_pb_row][\/et_pb_section][et_pb_section fb_built=&#8221;1&#8243; inner_shadow=&#8221;on&#8221; _builder_version=&#8221;3.11&#8243; background_color=&#8221;#2755a4&#8243; background_image=&#8221;http:\/\/rotacargas.com.br\/wp-content\/uploads\/2018\/10\/topo.jpg&#8221; background_blend=&#8221;overlay&#8221; custom_padding=&#8221;90px|0px|90px|0px|false|false&#8221;][et_pb_row _builder_version=&#8221;3.11&#8243;][et_pb_column type=&#8221;4_4&#8243; _builder_version=&#8221;3.11&#8243; parallax=&#8221;off&#8221; parallax_method=&#8221;on&#8221;][et_pb_text _builder_version=&#8221;3.11&#8243; text_font=&#8221;|600||on|||||&#8221; text_text_color=&#8221;#ffffff&#8221; text_font_size=&#8221;44px&#8221; text_line_height=&#8221;1.1em&#8221; header_font=&#8221;||||||||&#8221; header_2_font=&#8221;||||||||&#8221; text_orientation=&#8221;center&#8221;]<\/p>\n<p>RESPONSABILIDADE, EFICI\u00caNCIA E QUALIDADE EM TRANSPORTE RODOVI\u00c1RIO AO MELHOR CUSTO DO MERCADO<\/p>\n<p>[\/et_pb_text][\/et_pb_column][\/et_pb_row][\/et_pb_section]<\/p>\n","protected":false},"excerpt":{"rendered":"<p>[et_pb_section fb_built=&#8221;1&#8243; _builder_version=&#8221;3.11&#8243; background_color=&#8221;#2755a4&#8243; background_image=&#8221;http:\/\/rotacargas.com.br\/wp-content\/uploads\/2018\/10\/topo2.jpg&#8221; background_blend=&#8221;multiply&#8221; custom_padding=&#8221;||||false|false&#8221; mix_blend_mode=&#8221;soft-light&#8221; animation_style=&#8221;fade&#8221;][et_pb_row custom_padding=&#8221;27px|0px|0|0px|false|false&#8221; _builder_version=&#8221;3.11&#8243;][et_pb_column type=&#8221;4_4&#8243; _builder_version=&#8221;3.11&#8243; parallax=&#8221;off&#8221; parallax_method=&#8221;on&#8221;][et_pb_post_title meta=&#8221;off&#8221; featured_image=&#8221;off&#8221; text_color=&#8221;light&#8221; _builder_version=&#8221;3.11&#8243; title_font=&#8221;|800||on|||||&#8221; title_font_size=&#8221;36px&#8221; background_color=&#8221;#2755a&#8221;][\/et_pb_post_title][\/et_pb_column][\/et_pb_row][\/et_pb_section][et_pb_section fb_built=&#8221;1&#8243; _builder_version=&#8221;3.11&#8243; custom_padding=&#8221;54px|0px|19px|0px|false|false&#8221;][et_pb_row _builder_version=&#8221;3.11&#8243;][et_pb_column type=&#8221;4_4&#8243; _builder_version=&#8221;3.11&#8243; parallax=&#8221;off&#8221; parallax_method=&#8221;on&#8221;][et_pb_text _builder_version=&#8221;3.11&#8243; header_font=&#8221;|800|||||||&#8221; header_text_align=&#8221;center&#8221; header_font_size=&#8221;36px&#8221;] O QUE N\u00d3S OFERECEMOS [\/et_pb_text][et_pb_text _builder_version=&#8221;3.11&#8243; text_font=&#8221;||||||||&#8221; text_font_size=&#8221;18px&#8221; text_line_height=&#8221;1.6em&#8221;] Executivos de transporte com pleno dom\u00ednio t\u00e9cnico e de rotas conhecem os [&hellip;]<\/p>\n","protected":false},"author":1,"featured_media":0,"parent":0,"menu_order":0,"comment_status":"closed","ping_status":"closed","template":"","meta":{"footnotes":""},"class_list":["post-31","page","type-page","status-publish","hentry"],"_links":{"self":[{"href":"https:\/\/rotacargas.com.br\/index.php\/wp-json\/wp\/v2\/pages\/31","targetHints":{"allow":["GET"]}}],"collection":[{"href":"https:\/\/rotacargas.com.br\/index.php\/wp-json\/wp\/v2\/pages"}],"about":[{"href":"https:\/\/rotacargas.com.br\/index.php\/wp-json\/wp\/v2\/types\/page"}],"author":[{"embeddable":true,"href":"https:\/\/rotacargas.com.br\/index.php\/wp-json\/wp\/v2\/users\/1"}],"replies":[{"embeddable":true,"href":"https:\/\/rotacargas.com.br\/index.php\/wp-json\/wp\/v2\/comments?post=31"}],"version-history":[{"count":16,"href":"https:\/\/rotacargas.com.br\/index.php\/wp-json\/wp\/v2\/pages\/31\/revisions"}],"predecessor-version":[{"id":485,"href":"https:\/\/rotacargas.com.br\/index.php\/wp-json\/wp\/v2\/pages\/31\/revisions\/485"}],"wp:attachment":[{"href":"https:\/\/rotacargas.com.br\/index.php\/wp-json\/wp\/v2\/media?parent=31"}],"curies":[{"name":"wp","href":"https:\/\/api.w.org\/{rel}","templated":true}]}}